{"id":3860,"date":"2017-01-15T10:08:22","date_gmt":"2017-01-15T10:08:22","guid":{"rendered":"http:\/\/ethikblogs.de\/?page_id=3860"},"modified":"2024-02-05T16:53:26","modified_gmt":"2024-02-05T15:53:26","slug":"gfs-themen","status":"publish","type":"page","link":"https:\/\/ethikblogs.de\/?page_id=3860","title":{"rendered":"GFS-Themen"},"content":{"rendered":"<p>Lieber Ethik-Kurs,<\/p>\n<p>nach einigem Suchen auf meinem Computer sind mir noch ein paar m\u00f6gliche Gfs-Themen zu Gesicht gekommen:<\/p>\n<ul>\n<li>Wie lassen sich Menschenrechte begr\u00fcnden?<\/li>\n<li>Ist Selbstt\u00f6tung ethisch gerechtfertigt? oder Suizid &#8211; Tods\u00fcnde oder Ausdruck menschlicher Freiheit?<\/li>\n<li>Religionskritik, wahlweise von Friedrich Nietzsche, Karl Marx, Sigmund Freud<\/li>\n<li>Gibt es eine besondere Verantwortung von Wissenschaftlern f\u00fcr ihre Entdeckungen? (an Beispielen festmachen: z.B. atomare Kernspaltung, Klonen)<\/li>\n<li>Die (moralische) Verantwortung der Medien, z..B. bei einem Amoklauf<\/li>\n<li>Organspende &#8211; ein ethisches Gebot?<\/li>\n<li>Umgang mit Menschenrechtsverletzungen<\/li>\n<li>Darf der Staat Foltern um an lebenswichtige Informationen zu kommen?<\/li>\n<li>Gibt es einen gerechten Krieg?<\/li>\n<li>Chancen und Grenzen des Projekt Weltethos<\/li>\n<li>&#8222;Ethik ist wichtiger als Religion&#8220; &#8211; der Ansatz einer s\u00e4kularen Ethik des Dalai Lama<\/li>\n<li>&#8222;einfach nur die Welt retten&#8220; &#8211; der effektive Altruismus von Peter Singer<\/li>\n<li>Die Welt auf der Zunge &#8211; Zusammenhang von Sprache und Denken (HL 5\/17)<\/li>\n<li>Muss ich arbeiten oder darf ich tr\u00e4umen? (HL 4\/2017)<\/li>\n<li>moderne vs. antike Gl\u00fcckstheorien<\/li>\n<li>der k\u00fcnstliche Mensch &#8211; ein Angriff auf die menschliche W\u00fcrde?<\/li>\n<li>Wie konnte Gott Auschwitz zulassen? (Theodizee-Problem)<\/li>\n<li>Kann man sich Sisyphos als gl\u00fccklichen Menschen vorstellen?<\/li>\n<li>St\u00e4rkt Religion die Motivation zur Moral?<\/li>\n<li>L\u00e4\u00dft sich die Todesstrafe ethisch rechtfertigen?<\/li>\n<li>Epikur und die moderne Spa\u00dfgesellschaft &#8211; eine ethische Reflexion<\/li>\n<li>Die Philosophenschule der Stoa &#8211; mit Gelassenheit zum Erfolg?<\/li>\n<li>Brauchen wir einen internationalen Verhaltenskodex f\u00fcr Wissenschaftler?<\/li>\n<li>Freiheit und Determination im Koran<\/li>\n<li>Kreationismus \/ Intelligent Design &#8211; eine rationale Alternative zur Evolutionsbiologie?<\/li>\n<li>Was spricht gegen das Klonen von Menschen?<\/li>\n<li>Gibt es ein Grundrecht auf Datenschutz?<\/li>\n<li>Freiheit vs. Sicherheit (Vorratsdatenspeicherung, etc.)<\/li>\n<li>Verhaltenskodex f\u00fcr Journalisten?<\/li>\n<li>Kann man sich als Verbraucher mehr oder weniger ethisch verhalten?<\/li>\n<li>Doping und die Moral im Sport<\/li>\n<li>\u00f6stliche Spiritualit\u00e4t &#8211; attraktiv f\u00fcr den Westen?<\/li>\n<li>Ackermann, Lidl &amp; Co.: Kann Wirtschaftsethik trotz Gewinnstrebens ein Ma\u00dfstab f\u00fcr eine gute Firmenpolitik sein?<\/li>\n<li>Welche Berechtigung hat Religion in einer s\u00e4kularen Gesellschaft?<\/li>\n<li>Gl\u00fcck als Staatsziel &#8211; Bhutan und Aristoteles<\/li>\n<\/ul>\n<p>Bitte lasst euch von den Themen der Hohen Luft und des Philosophie-Magazins hinten im Regal inspirieren. Viele Themen eignen sich als GFS-Themen.<\/p>\n","protected":false},"excerpt":{"rendered":"<p>Lieber Ethik-Kurs, nach einigem Suchen auf meinem Computer sind mir noch ein paar m\u00f6gliche Gfs-Themen zu Gesicht gekommen: Wie lassen sich Menschenrechte begr\u00fcnden? Ist Selbstt\u00f6tung ethisch gerechtfertigt? oder Suizid &#8211; Tods\u00fcnde oder Ausdruck menschlicher Freiheit? Religionskritik, wahlweise von Friedrich Nietzsche, Karl Marx, Sigmund Freud Gibt es eine besondere Verantwortung von Wissenschaftlern f\u00fcr ihre Entdeckungen? (an [&hellip;]<\/p>\n","protected":false},"author":2,"featured_media":0,"parent":0,"menu_order":4,"comment_status":"closed","ping_status":"closed","template":"","meta":{"footnotes":""},"class_list":["post-3860","page","type-page","status-publish","hentry","missing-thumbnail"],"_links":{"self":[{"href":"https:\/\/ethikblogs.de\/index.php?rest_route=\/wp\/v2\/pages\/3860","targetHints":{"allow":["GET"]}}],"collection":[{"href":"https:\/\/ethikblogs.de\/index.php?rest_route=\/wp\/v2\/pages"}],"about":[{"href":"https:\/\/ethikblogs.de\/index.php?rest_route=\/wp\/v2\/types\/page"}],"author":[{"embeddable":true,"href":"https:\/\/ethikblogs.de\/index.php?rest_route=\/wp\/v2\/users\/2"}],"replies":[{"embeddable":true,"href":"https:\/\/ethikblogs.de\/index.php?rest_route=%2Fwp%2Fv2%2Fcomments&post=3860"}],"version-history":[{"count":6,"href":"https:\/\/ethikblogs.de\/index.php?rest_route=\/wp\/v2\/pages\/3860\/revisions"}],"predecessor-version":[{"id":7754,"href":"https:\/\/ethikblogs.de\/index.php?rest_route=\/wp\/v2\/pages\/3860\/revisions\/7754"}],"wp:attachment":[{"href":"https:\/\/ethikblogs.de\/index.php?rest_route=%2Fwp%2Fv2%2Fmedia&parent=3860"}],"curies":[{"name":"wp","href":"https:\/\/api.w.org\/{rel}","templated":true}]}}