{"id":4051,"date":"2017-09-20T20:20:52","date_gmt":"2017-09-20T20:20:52","guid":{"rendered":"http:\/\/ethikblogs.de\/?page_id=4051"},"modified":"2022-09-01T07:55:31","modified_gmt":"2022-09-01T05:55:31","slug":"how-to-protokoll-schreiben","status":"publish","type":"page","link":"https:\/\/ethikblogs.de\/?page_id=4051","title":{"rendered":"Protokoll schreiben"},"content":{"rendered":"\n<h2 class=\"wp-block-heading\">Inhalt:<\/h2>\n\n\n\n<div class=\"wp-block-group\"><div class=\"wp-block-group__inner-container is-layout-flow wp-block-group-is-layout-flow\">\n<ul class=\"wp-block-list\"><li>wichtige gekl\u00e4rte organisatorische Fragen<\/li><li>Rahmen der Kurssitzung: Anzahl der Anwesenden, Ablauf der Doppelstunde; ggf. vorangestellte Gliederung<\/li><li>systematische Zusammenfassung zentrale Argumente und Fragestellungen, ggf. erreichter Konsens (<strong>logische Struktur der Diskussionen<\/strong> festhalten, keine einzelnen Redebeitr\u00e4ge)<\/li><li>Tafelbilder \/ Folien oder Zusammenfassung davon<\/li><li>Literaturangaben und kurze Zusammenfassungen der im Kurs diskutierten Texte<\/li><li>Anmerkungen zu ungekl\u00e4rten Fragen, nicht angesprochenen Themen<\/li><li>Zusammenfassung der Diskussionsergebnisse<\/li><\/ul>\n\n\n\n<h2 class=\"wp-block-heading\">Bewertungskriterien<\/h2>\n<\/div><\/div>\n\n\n\n<ul class=\"wp-block-list\"><li>Pr\u00e4gnanz (Konzentration auf Relevantes, hinreichend differenziert)<\/li><li>Verst\u00e4ndlichkeit (auch f\u00fcr Au\u00dfenstehende)<\/li><li>Vollst\u00e4ndigkeit (alle wesentlichen Inhalte der Diskussion werden erfasst)<\/li><li>Sachlichkeit (beschreibend und wertungsfrei)<\/li><li>formale Korrektheit<\/li><\/ul>\n\n\n\n<h2 class=\"wp-block-heading\">Formale Gestaltung<\/h2>\n\n\n\n<ul class=\"wp-block-list\"><li>Umfang: max. 2 Seiten (DIN A4)<\/li><li>klare Gliederung<\/li><\/ul>\n\n\n\n<ul class=\"wp-block-list\"><li>Beitr\u00e4ge der Kursteilnehmer ohne Nennung der Namen, Beitr\u00e4ge des Lehrers \u00a0oder der Referenten werden als solche gekennzeichnet\u00a0 (\u201eDer Lehrer \u00a0erkl\u00e4rte \u2026\u201c)<\/li><li>erkl\u00e4rende Zus\u00e4tze in Klammern und mit Initialen des Protokollanten versehen<\/li><li>termingerechte Abgabe (sp\u00e4testens 1 Tag vor dem n\u00e4chsten Kurstermin)<\/li><\/ul>\n\n\n\n<h2 class=\"wp-block-heading\">Inhaltliche Gestaltung<\/h2>\n\n\n\n<ul class=\"wp-block-list\"><li>Pr\u00e4sens oder Pr\u00e4teritum, keine Vermischung<\/li><li>Wortbeitr\u00e4ge als indirekte Rede (im Konjunktiv) wiedergeben<\/li><li>keine Stichpunkte, sondern <em>kurze<\/em> S\u00e4tze<\/li><li>Hervorhebung wichtiger Stichworte (fett setzen \u2013 erleichtert \u00dcberblick)<\/li><li>keine ausschm\u00fcckenden Adjektive<\/li><li>keine kausalen Verkn\u00fcpfungen zwischen Redebeitr\u00e4gen<\/li><\/ul>\n\n\n\n<p>Zum Ausdrucken: Methodenblatt: <a href=\"http:\/\/ethikblogs.de\/wp-content\/uploads\/2012\/02\/methode_protokoll.pdf\">Protokoll schreiben<\/a><\/p>\n\n\n\n<p>Fragen?<\/p>\n","protected":false},"excerpt":{"rendered":"<p>Inhalt: wichtige gekl\u00e4rte organisatorische Fragen Rahmen der Kurssitzung: Anzahl der Anwesenden, Ablauf der Doppelstunde; ggf. vorangestellte Gliederung systematische Zusammenfassung zentrale Argumente und Fragestellungen, ggf. erreichter Konsens (logische Struktur der Diskussionen festhalten, keine einzelnen Redebeitr\u00e4ge) Tafelbilder \/ Folien oder Zusammenfassung davon Literaturangaben und kurze Zusammenfassungen der im Kurs diskutierten Texte Anmerkungen zu ungekl\u00e4rten Fragen, nicht angesprochenen [&hellip;]<\/p>\n","protected":false},"author":2,"featured_media":0,"parent":0,"menu_order":0,"comment_status":"closed","ping_status":"closed","template":"","meta":{"footnotes":""},"class_list":["post-4051","page","type-page","status-publish","hentry","missing-thumbnail"],"_links":{"self":[{"href":"https:\/\/ethikblogs.de\/index.php?rest_route=\/wp\/v2\/pages\/4051","targetHints":{"allow":["GET"]}}],"collection":[{"href":"https:\/\/ethikblogs.de\/index.php?rest_route=\/wp\/v2\/pages"}],"about":[{"href":"https:\/\/ethikblogs.de\/index.php?rest_route=\/wp\/v2\/types\/page"}],"author":[{"embeddable":true,"href":"https:\/\/ethikblogs.de\/index.php?rest_route=\/wp\/v2\/users\/2"}],"replies":[{"embeddable":true,"href":"https:\/\/ethikblogs.de\/index.php?rest_route=%2Fwp%2Fv2%2Fcomments&post=4051"}],"version-history":[{"count":3,"href":"https:\/\/ethikblogs.de\/index.php?rest_route=\/wp\/v2\/pages\/4051\/revisions"}],"predecessor-version":[{"id":6555,"href":"https:\/\/ethikblogs.de\/index.php?rest_route=\/wp\/v2\/pages\/4051\/revisions\/6555"}],"wp:attachment":[{"href":"https:\/\/ethikblogs.de\/index.php?rest_route=%2Fwp%2Fv2%2Fmedia&parent=4051"}],"curies":[{"name":"wp","href":"https:\/\/api.w.org\/{rel}","templated":true}]}}