{"id":8,"date":"2011-09-08T15:46:14","date_gmt":"2011-09-08T15:46:14","guid":{"rendered":"http:\/\/ethik13.wordpress.com\/?page_id=7"},"modified":"2024-03-09T10:55:39","modified_gmt":"2024-03-09T09:55:39","slug":"hinweise","status":"publish","type":"page","link":"https:\/\/ethikblogs.de\/?page_id=8","title":{"rendered":"Impressum"},"content":{"rendered":"\n<div class=\"wp-block-columns is-layout-flex wp-container-core-columns-is-layout-9d6595d7 wp-block-columns-is-layout-flex\">\n<div class=\"wp-block-column is-vertically-aligned-top is-layout-flow wp-block-column-is-layout-flow\" style=\"flex-basis:66%\">\n<p>Verantwortlich f\u00fcr die Betreuung der im Weblog arbeitenden Sch\u00fcler:<\/p>\n\n\n\n<p>Mandy Sch\u00fctze<br>Gymnasium Gerabronn<br>Jahnstra\u00dfe 5-7<br>74582 Gerabronn<br>(frauschuetze-at-gmx.de)<\/p>\n<\/div>\n\n\n\n<div class=\"wp-block-column is-vertically-aligned-stretch is-layout-flow wp-block-column-is-layout-flow\" style=\"flex-basis:50%\"><div class=\"wp-block-image\">\n<figure class=\"aligncenter\"><img loading=\"lazy\" decoding=\"async\" width=\"300\" height=\"300\" sizes=\"auto, (max-width: 300px) 100vw, 300px\" src=\"https:\/\/ethikblogs.de\/wp-content\/uploads\/2013\/10\/20131003-210035.jpg\" alt=\"\" class=\"wp-image-1554\" srcset=\"https:\/\/ethikblogs.de\/wp-content\/uploads\/2013\/10\/20131003-210035.jpg 300w, https:\/\/ethikblogs.de\/wp-content\/uploads\/2013\/10\/20131003-210035-150x150.jpg 150w, https:\/\/ethikblogs.de\/wp-content\/uploads\/2013\/10\/20131003-210035-230x230.jpg 230w\" \/><figcaption class=\"wp-element-caption\">Zeitweise arbeiteten hier im Blog Sch\u00fcler\u00adgruppen aus drei ver\u00adschie\u00addenen St\u00e4dten, zur Zeit nur noch die Gruppen aus Gerabronn.<\/figcaption><\/figure>\n<\/div><\/div>\n<\/div>\n\n\n\n<h2 class=\"wp-block-heading\">Haftung f\u00fcr Links &amp; Inhalte<\/h2>\n\n\n\n<p>Alle Links sind zum Zeitpunkt der Ver\u00f6ffentlichung durch uns gepr\u00fcft und wegen (nicht trotz) ihrer Inhalte eingepflegt. Da sich Internetseiten im Verlauf der Zeit \u00e4ndern, bitten wir um R\u00fcckmeldung wenn dies geschehen ist und ein Link nicht mehr zu seinem Inhalt passt.<\/p>\n\n\n\n<p>Alle Einbindungen fremder Inhalte unterliegen strenger Kontrolle und werden eingebunden, weil sie entweder unter einer entsprechenden Lizenz stehen, weil der Urheber es erlaubt hat oder weil das Einbinden z.B. von Youtube-Videos zul\u00e4ssig ist. Wir tun dies nach bestem Wissen und Gewissen, sollte uns jedoch ein Fehler unterlaufen bitten wir auch hier um schnelle R\u00fcckmeldung, sodass die betreffenden Inhalte gel\u00f6scht bzw. entfernt werden k\u00f6nnen.<\/p>\n\n\n\n<p>Alle unsere Texte stehen unter der Lizenz CC-by-SA und d\u00fcrfen weiterverwendet, ver\u00e4ndert und erneut ver\u00f6ffentlicht werden. Zwei Bedingungen dazu: Der Urheber (bzw. Link zu diesem Weblog) m\u00fcssen genannt werden und die erneute Ver\u00f6ffentlichung muss wieder unter derselben Lizenz stehen.<\/p>\n\n\n\n<p>Obwohl wir uns um Aktualit\u00e4t, Vollst\u00e4ndigkeit und Richtigkeit der Inhalte unserer Seiten bem\u00fchen, k\u00f6nnen wir hierf\u00fcr keine Garantie \u00fcbernehmen.<\/p>\n\n\n\n<p>Nach \u00a7 7 Absatz 1 TDG sind wir als Diensteanbieter f\u00fcr eigene Inhalte auf unseren Seiten nach den allgemeinen Gesetzen verantwortlich.<\/p>\n\n\n\n<p>Eine Verpflichtung zur \u00dcberwachung \u00fcbermittelter oder gespeicherter fremder Informationen besteht jedoch nicht (\u00a7\u00a7 8-10 TDG). Sobald uns Rechtsverst\u00f6\u00dfe bekannt werden, werden wir die entsprechenden Inhalte umgehend entfernen. Eine dahingehende Haftung wird jedoch erst ab dem Zeitpunkt der Kenntnis konkreter Rechtsverletzungen \u00fcbernommen.<\/p>\n\n\n\n<h2 class=\"wp-block-heading\">Rechtswirksamkeit dieses Haftungsausschlusses<\/h2>\n\n\n\n<p>Sollten einzelne Regelungen oder Formulierungen dieses Haftungsausschlusses unwirksam sein oder werden, bleiben die \u00fcbrigen Regelungen in ihrem Inhalt und ihrer G\u00fcltigkeit hiervon unber\u00fchrt.<\/p>\n\n\n\n<p>Quelle: <a href=\"http:\/\/www.anwalt-seiten.de\/\">anwalt-seiten.de<\/a><\/p>\n","protected":false},"excerpt":{"rendered":"<p>Verantwortlich f\u00fcr die Betreuung der im Weblog arbeitenden Sch\u00fcler: Mandy Sch\u00fctzeGymnasium GerabronnJahnstra\u00dfe 5-774582 Gerabronn(frauschuetze-at-gmx.de) Haftung f\u00fcr Links &amp; Inhalte Alle Links sind zum Zeitpunkt der Ver\u00f6ffentlichung durch uns gepr\u00fcft und wegen (nicht trotz) ihrer Inhalte eingepflegt. Da sich Internetseiten im Verlauf der Zeit \u00e4ndern, bitten wir um R\u00fcckmeldung wenn dies geschehen ist und ein Link [&hellip;]<\/p>\n","protected":false},"author":2,"featured_media":0,"parent":0,"menu_order":3,"comment_status":"open","ping_status":"closed","template":"","meta":{"footnotes":""},"class_list":["post-8","page","type-page","status-publish","hentry","missing-thumbnail"],"_links":{"self":[{"href":"https:\/\/ethikblogs.de\/index.php?rest_route=\/wp\/v2\/pages\/8","targetHints":{"allow":["GET"]}}],"collection":[{"href":"https:\/\/ethikblogs.de\/index.php?rest_route=\/wp\/v2\/pages"}],"about":[{"href":"https:\/\/ethikblogs.de\/index.php?rest_route=\/wp\/v2\/types\/page"}],"author":[{"embeddable":true,"href":"https:\/\/ethikblogs.de\/index.php?rest_route=\/wp\/v2\/users\/2"}],"replies":[{"embeddable":true,"href":"https:\/\/ethikblogs.de\/index.php?rest_route=%2Fwp%2Fv2%2Fcomments&post=8"}],"version-history":[{"count":11,"href":"https:\/\/ethikblogs.de\/index.php?rest_route=\/wp\/v2\/pages\/8\/revisions"}],"predecessor-version":[{"id":7768,"href":"https:\/\/ethikblogs.de\/index.php?rest_route=\/wp\/v2\/pages\/8\/revisions\/7768"}],"wp:attachment":[{"href":"https:\/\/ethikblogs.de\/index.php?rest_route=%2Fwp%2Fv2%2Fmedia&parent=8"}],"curies":[{"name":"wp","href":"https:\/\/api.w.org\/{rel}","templated":true}]}}